{"id":9,"date":"2022-11-12T12:21:50","date_gmt":"2022-11-12T17:21:50","guid":{"rendered":"https:\/\/sites.nd.edu\/2023cmndthematicprogram\/?page_id=9"},"modified":"2023-06-28T09:48:45","modified_gmt":"2023-06-28T13:48:45","slug":"international-conference","status":"publish","type":"page","link":"https:\/\/sites.nd.edu\/2023cmndthematicprogram\/international-conference\/","title":{"rendered":"International Conference"},"content":{"rendered":"\n<p><strong>Monday June 26 \u2013 Friday June 30, 2023<\/strong><br>*Arrival Date is Sunday June 25.<br><strong><br><em>Lecture Location:<\/em><\/strong>&nbsp;127 Hayes-Healy<br><strong><em>Registration\/Break Location:<\/em><\/strong>&nbsp;257 Hurley Hall<\/p>\n\n\n\n<p><strong><em>Speakers<\/em><\/strong>:<br>Kenny Ascher (University of California &#8211; Irvine)<br>Cinzia Casagrande (Universit\u00e0 degli studi di Torino)<br>Nathan Chen (Columbia University)<br>Laure Flapan (Michigan State University)<br>Lena Ji (University of Michigan)<br>S\u00e1ndor Kov\u00e1cs (University of Washington)<br>Steven Lu (Universit\u00e9 du Qu\u00e9bec \u00e0 Montr\u00e9al, Canada)<br>Jackson Morrow (University of California &#8211; Berkeley)<br>Deepam Patel (Purdue University)<br>Erwan Rousseau (Universit\u00e9 de Bretagne Occidentale, France)<br>David Stapleton (University of Michigan)<br>Zhiyu Tian (Peking University, China)<br>Amos Turchet (Universit\u00e0 degli studi Roma 3, Italy)<br>Julie Wang (Academia Sinica, Taiwan)<br>Sai-Kee Yeung (Purdue University)<\/p>\n\n\n\n<p class=\"has-x-large-font-size\"><strong><a href=\"http:\/\/sites.nd.edu\/2023cmndthematicprogram\/files\/2023\/06\/CMND2023-ConferenceSchedule-6.-26.pdf\">SCHEDULE<\/a><\/strong><\/p>\n\n\n\n<p class=\"has-x-large-font-size\"><strong><a href=\"http:\/\/sites.nd.edu\/2023cmndthematicprogram\/files\/2023\/06\/CMND_Conference_Abstracts-6.28.pdf\">BOOK OF ABSTRACTS<\/a><\/strong><br><\/p>\n","protected":false},"excerpt":{"rendered":"<p>Monday June 26 \u2013 Friday June 30, 2023*Arrival Date is Sunday June 25.Lecture Location:&nbsp;127 Hayes-HealyRegistration\/Break Location:&nbsp;257 Hurley Hall Speakers:Kenny Ascher (University of California &#8211; Irvine)Cinzia Casagrande (Universit\u00e0 degli studi di Torino)Nathan Chen (Columbia University)Laure Flapan (Michigan State University)Lena Ji (University of Michigan)S\u00e1ndor Kov\u00e1cs (University of Washington)Steven Lu (Universit\u00e9 du Qu\u00e9bec \u00e0 Montr\u00e9al, Canada)Jackson Morrow (University [&hellip;]<\/p>\n","protected":false},"author":3983,"featured_media":0,"parent":0,"menu_order":0,"comment_status":"closed","ping_status":"closed","template":"","meta":{"footnotes":""},"class_list":["post-9","page","type-page","status-publish","hentry"],"_links":{"self":[{"href":"https:\/\/sites.nd.edu\/2023cmndthematicprogram\/wp-json\/wp\/v2\/pages\/9","targetHints":{"allow":["GET"]}}],"collection":[{"href":"https:\/\/sites.nd.edu\/2023cmndthematicprogram\/wp-json\/wp\/v2\/pages"}],"about":[{"href":"https:\/\/sites.nd.edu\/2023cmndthematicprogram\/wp-json\/wp\/v2\/types\/page"}],"author":[{"embeddable":true,"href":"https:\/\/sites.nd.edu\/2023cmndthematicprogram\/wp-json\/wp\/v2\/users\/3983"}],"replies":[{"embeddable":true,"href":"https:\/\/sites.nd.edu\/2023cmndthematicprogram\/wp-json\/wp\/v2\/comments?post=9"}],"version-history":[{"count":24,"href":"https:\/\/sites.nd.edu\/2023cmndthematicprogram\/wp-json\/wp\/v2\/pages\/9\/revisions"}],"predecessor-version":[{"id":226,"href":"https:\/\/sites.nd.edu\/2023cmndthematicprogram\/wp-json\/wp\/v2\/pages\/9\/revisions\/226"}],"wp:attachment":[{"href":"https:\/\/sites.nd.edu\/2023cmndthematicprogram\/wp-json\/wp\/v2\/media?parent=9"}],"curies":[{"name":"wp","href":"https:\/\/api.w.org\/{rel}","templated":true}]}}