{"id":4,"date":"2021-02-02T17:20:41","date_gmt":"2021-02-02T22:20:41","guid":{"rendered":"https:\/\/sites.nd.edu\/artnow\/?page_id=4"},"modified":"2022-03-21T00:04:43","modified_gmt":"2022-03-21T04:04:43","slug":"nd-productions-presentations","status":"publish","type":"page","link":"https:\/\/sites.nd.edu\/artnow\/nd-productions-presentations\/","title":{"rendered":"ND Productions"},"content":{"rendered":"\n<figure class=\"wp-block-image size-large\"><img loading=\"lazy\" decoding=\"async\" width=\"1024\" height=\"676\" src=\"https:\/\/sites.nd.edu\/artnow\/files\/2022\/02\/Screen-Shot-2022-02-06-at-10.55.44-PM-min-1024x676.jpg\" alt=\"\" class=\"wp-image-361\" srcset=\"https:\/\/sites.nd.edu\/artnow\/files\/2022\/02\/Screen-Shot-2022-02-06-at-10.55.44-PM-min-1024x676.jpg 1024w, https:\/\/sites.nd.edu\/artnow\/files\/2022\/02\/Screen-Shot-2022-02-06-at-10.55.44-PM-min-300x198.jpg 300w, https:\/\/sites.nd.edu\/artnow\/files\/2022\/02\/Screen-Shot-2022-02-06-at-10.55.44-PM-min-768x507.jpg 768w, https:\/\/sites.nd.edu\/artnow\/files\/2022\/02\/Screen-Shot-2022-02-06-at-10.55.44-PM-min-1536x1014.jpg 1536w, https:\/\/sites.nd.edu\/artnow\/files\/2022\/02\/Screen-Shot-2022-02-06-at-10.55.44-PM-min-2048x1352.jpg 2048w\" sizes=\"auto, (max-width: 706px) 89vw, (max-width: 767px) 82vw, 740px\" \/><\/figure>\n\n\n\n<p><strong><em>This is Modern Art<\/em> by Idris Goodwin and Kevin Coval, Directed by Zuri Eshun (ND\u201914), Fall 2021<\/strong><\/p>\n\n\n\n<p>Pictured: Dose (Lamont Marino), Selena (Lyric Medeiros), Seven (Eric Ways ND\u201918) and JC (Timothy Merkle) discuss their graffiti art.<\/p>\n\n\n\n<p>Synopsis: Graffiti crews are willing to risk anything for their art. Though people call them vandals, criminals, and even creative terrorists, they&#8217;re determined to make their voices heard and alter the way people view the world. So when a young graffiti artist named Seven comes up with a big, audacious idea to shake up the Chicago art scene, his crew is all in. But the biggest graffiti bomb of the LOH Crew&#8217;s careers may also have serious consequences, for some of them more than others. <em>This is Modern Art<\/em> takes you racing over the rooftops, through the history of graffiti art, and face-to-face with a question of the moment: Where does art belong?<\/p>\n\n\n\n<p>(Photo Credit: Peter Ringenberg)<\/p>\n\n\n\n<p><\/p>\n\n\n\n<figure class=\"wp-block-image size-large\"><img loading=\"lazy\" decoding=\"async\" width=\"1024\" height=\"683\" src=\"https:\/\/sites.nd.edu\/artnow\/files\/2021\/05\/The-Tea-on-ND-045-1-1024x683.jpg\" alt=\"\" class=\"wp-image-63\" srcset=\"https:\/\/sites.nd.edu\/artnow\/files\/2021\/05\/The-Tea-on-ND-045-1-1024x683.jpg 1024w, https:\/\/sites.nd.edu\/artnow\/files\/2021\/05\/The-Tea-on-ND-045-1-300x200.jpg 300w, https:\/\/sites.nd.edu\/artnow\/files\/2021\/05\/The-Tea-on-ND-045-1-768x512.jpg 768w, https:\/\/sites.nd.edu\/artnow\/files\/2021\/05\/The-Tea-on-ND-045-1-1536x1024.jpg 1536w, https:\/\/sites.nd.edu\/artnow\/files\/2021\/05\/The-Tea-on-ND-045-1-2048x1365.jpg 2048w\" sizes=\"auto, (max-width: 706px) 89vw, (max-width: 767px) 82vw, 740px\" \/><\/figure>\n\n\n\n<p><strong><em>The Tea on ND<\/em> by Samuel B. Jackson II, Directed by Mar\u00eda Am\u00e9nabar Farias, 2020<\/strong><\/p>\n\n\n\n<p>Pictured: Semaj (Theresa Azemar) and James (James Cullinane) give a campus tour. <\/p>\n\n\n\n<p>Synopsis: <em>The Tea on ND<\/em>, written by Samuel Jackson II (\u201920) and directed by Mar\u00eda Am\u00e9nabar Farias (\u201920), imagines an alternate universe on the Notre Dame campus \u2013 a world in which identities are flipped, norms inverted, and expectations upended. An acerbic exploration of race, class, and mental health in the ND community, <em>The Tea on ND<\/em> turns Notre Dame upside down.<\/p>\n\n\n\n<p>(Photo Credit: Peter Ringenberg)<\/p>\n\n\n\n<p><\/p>\n\n\n\n<figure class=\"wp-block-image size-large is-resized\"><img loading=\"lazy\" decoding=\"async\" src=\"https:\/\/sites.nd.edu\/artnow\/files\/2021\/05\/Staging-the-Daffy-Dame-163-1024x683.jpg\" alt=\"\" class=\"wp-image-65\" width=\"674\" height=\"449\" srcset=\"https:\/\/sites.nd.edu\/artnow\/files\/2021\/05\/Staging-the-Daffy-Dame-163-1024x683.jpg 1024w, https:\/\/sites.nd.edu\/artnow\/files\/2021\/05\/Staging-the-Daffy-Dame-163-300x200.jpg 300w, https:\/\/sites.nd.edu\/artnow\/files\/2021\/05\/Staging-the-Daffy-Dame-163-768x512.jpg 768w, https:\/\/sites.nd.edu\/artnow\/files\/2021\/05\/Staging-the-Daffy-Dame-163-1536x1024.jpg 1536w, https:\/\/sites.nd.edu\/artnow\/files\/2021\/05\/Staging-the-Daffy-Dame-163-2048x1365.jpg 2048w\" sizes=\"auto, (max-width: 674px) 100vw, 674px\" \/><\/figure>\n\n\n\n<p><strong><em>Staging the Daffy Dame <\/em>by Anne Garc\u00eda-Romero, Directed by Kevin Dreyer, 2019<\/strong><\/p>\n\n\n\n<p>Pictured: Lupe (Natalia Cuevas) and Robert (Jorge Azkarate) argue in her university office.<\/p>\n\n\n\n<p>Synopsis: In the present, on the campus of a California public university, Lupe, a Latinx theatre professor, directs a production of&nbsp;<em>La Dama Boba<\/em>&nbsp;(The Daffy Dame), the 1613 Spanish Golden Age comedy, by Lope de Vega. Personalities collide onstage and off as the company grapples with the issues of race, class, and gender raised by the play. As opening night approaches, national politics start to invade the personal lives of the company, revealing the question: Can love truly give us the power to overcome our differences and lead us to a new kind of knowledge?<\/p>\n\n\n\n<p>(Photo Credit: Peter Ringenberg)<\/p>\n\n\n\n<p><\/p>\n\n\n\n<figure class=\"wp-block-image size-large\"><img loading=\"lazy\" decoding=\"async\" width=\"1024\" height=\"680\" src=\"https:\/\/sites.nd.edu\/artnow\/files\/2022\/02\/Screen-Shot-2022-02-06-at-11.38.01-PM-min-1024x680.jpg\" alt=\"\" class=\"wp-image-370\" srcset=\"https:\/\/sites.nd.edu\/artnow\/files\/2022\/02\/Screen-Shot-2022-02-06-at-11.38.01-PM-min-1024x680.jpg 1024w, https:\/\/sites.nd.edu\/artnow\/files\/2022\/02\/Screen-Shot-2022-02-06-at-11.38.01-PM-min-300x199.jpg 300w, https:\/\/sites.nd.edu\/artnow\/files\/2022\/02\/Screen-Shot-2022-02-06-at-11.38.01-PM-min-768x510.jpg 768w, https:\/\/sites.nd.edu\/artnow\/files\/2022\/02\/Screen-Shot-2022-02-06-at-11.38.01-PM-min-1536x1020.jpg 1536w, https:\/\/sites.nd.edu\/artnow\/files\/2022\/02\/Screen-Shot-2022-02-06-at-11.38.01-PM-min-2048x1360.jpg 2048w\" sizes=\"auto, (max-width: 706px) 89vw, (max-width: 767px) 82vw, 740px\" \/><\/figure>\n\n\n\n<p><strong>Forn\u00e9s Festival:<em> <\/em>Celebrating the work of Mar\u00eda Irene Forn\u00e9s (1930-2018), Staged reading of <em>Fefu and Her Friends<\/em>, Directed by Stacy Stolz, 2019<\/strong><\/p>\n\n\n\n<p>Pictured: Christina (Theresa Azemar) speaks with Cindy (Teagan Earley).<\/p>\n\n\n\n<p>Synopses from <a rel=\"noreferrer noopener\" href=\"https:\/\/fornesinstitute.com\" target=\"_blank\">The Forn\u00e9s Institute<\/a>:<\/p>\n\n\n\n<p><em><strong>Fefu and Her Friends<\/strong><\/em><\/p>\n\n\n\n<p>A three-act play set in 1935. Eight women meet in the New England home of Fefu to rehearse for an educational fundraiser. The play morphs into an environmentally staged look into the intimate lives and relationships of these women. Part I takes place in Fefu\u2019s living room, establishing her unconventional marriage, tensions with her own sense of self and surroundings, and the previous relationships between the eight women. Part II has four scenes, each in a different location: the garden, the study, the bedroom and the kitchen. These scenes were originally staged simultaneously and environmentally although the most recent publication of the scripts presents a more traditional proscenium staging. The play ends in Part III in the evening of the same day. The women rehearse for their meeting. The play ends with a bizarre gun accident wherein Fefu shoots a white rabbit inadvertently causing one of the women, Julia, to receive a wound to the forehead.&nbsp;<\/p>\n\n\n\n<p><em><strong>Mud<\/strong><\/em><\/p>\n\n\n\n<p>Mae lives with Lloyd in considerable rural poverty but Mae attends classes and is committed to learning to read and becoming literate. While Lloyd takes care of their pig, Betsy, Mae works hard cleaning, cooking, and ironing. She attempts to deal with Lloyd\u2019s ill health and invites an older man, Henry, into their home. Seeing Henry\u2019s supposed intellectual superiority, her mind\u2019s hunger for knowledge and self-improvement accelerates. Henry replaces Lloyd in Mae\u2019s bed, but when an accident disables Henry, Mae feels that both men are holding her back. She tries to leave but is shot by a desperate Lloyd who carries her back on stage. A dying Mae speaks of the light she tried to attain.<\/p>\n\n\n\n<p><em><strong>The Conduct of Life<\/strong><\/em><\/p>\n\n\n\n<p>The stage has five areas \u2013 the living room, dining room, hall, cellar and warehouse in a private home in an unidentified Latin American country. Orlando, a sadistic army lieutenant, makes it clear in the opening soliloquy that despite his sexual drive, he is determined to achieve advancement using his physical strength allied to ruthless ambition. Having rapidly achieved his promotion it becomes clear that he is a self-acknowledged professional torturer now using violence to subdue and destroy others. His childhood friend and colleague, Alejo, wretchedly watches Orlando\u2019s behavior, unable to help himself or anyone else to conduct their private or professional lives better.<\/p>\n\n\n\n<p>The women of the play are under Orlando\u2019s control. Leticia, his wife, suffers his open contempt and verbal abuse as she struggles to voice her ideas. She speaks of wanting to become better educated, to be respected, and listened to. Their servant, Olimpia, works with expertise without recognition and it is this servant who befriends Nena, a twelve year old street girl, whom Orlando kidnaps and hides in the cellar. His repeated rape of Nena and her presence in the home becomes known to Leticia. Shortly after she realizes Nena is in their home Orlando accuses his wife of infidelity, and during his violent interrogation of her she shoots and kills him. Leticia then passes the revolver to Nena.<\/p>\n\n\n\n<p><em><strong>The Summer in Gossensass<\/strong><\/em><\/p>\n\n\n\n<p>In London in 1891, Elizabeth Robins, a celebrated American actress, and her friend, Marion Leah, a well-known British actress, clamor at the possibility of performing in Henrik Ibsen\u2019s&nbsp;<em>Hedda Gabler<\/em>. With the help of Vernon, Elizabeth\u2019s brother and medical student, Lady Bell, essayist and reporter, and David, an actor and Ibsen admirer, Elizabeth and Marion at first find fragments of an English translation of a scene from&nbsp;<em>Hedda Gabler<\/em>&nbsp;and they try to decipher the essence of the characters through rehearsal. Finally, they find the complete English translation of the play and perform in its London premiere. Based on a true story,&nbsp;<em>Summer in Gossensass<\/em>&nbsp;offers meditations on Ibsen\u2019s classic play, the craft of acting and a life in the theatre.<\/p>\n\n\n\n<p>(Photo Credit: Peter Ringenberg)<\/p>\n\n\n\n<p><\/p>\n\n\n\n<figure class=\"wp-block-image size-large\"><img loading=\"lazy\" decoding=\"async\" width=\"683\" height=\"1024\" src=\"https:\/\/sites.nd.edu\/artnow\/files\/2022\/02\/cloud_tectonics.016-683x1024.jpg\" alt=\"\" class=\"wp-image-357\" srcset=\"https:\/\/sites.nd.edu\/artnow\/files\/2022\/02\/cloud_tectonics.016-683x1024.jpg 683w, https:\/\/sites.nd.edu\/artnow\/files\/2022\/02\/cloud_tectonics.016-200x300.jpg 200w, https:\/\/sites.nd.edu\/artnow\/files\/2022\/02\/cloud_tectonics.016-768x1152.jpg 768w, https:\/\/sites.nd.edu\/artnow\/files\/2022\/02\/cloud_tectonics.016-1024x1536.jpg 1024w, https:\/\/sites.nd.edu\/artnow\/files\/2022\/02\/cloud_tectonics.016.jpg 1365w\" sizes=\"auto, (max-width: 683px) 100vw, 683px\" \/><\/figure>\n\n\n\n<p><strong><em>Cloud<\/em> <em>Tectonics<\/em> by Jos\u00e9 Rivera, Directed by Anton Juan, 2015<\/strong><\/p>\n\n\n\n<p>Pictured: Celestina (Abigail Marie Hebert) and An\u00edbal (Guillermo Alonso) experience a deluge in Los Angeles.<\/p>\n\n\n\n<p>Synopsis: A major Latino voice influenced heavily by the magical realism of Gabriel Garc\u00eda M\u00e1rquez, Rivera creates a world that is grounded in real life, yet seemingly full of impossibilities. A pregnant woman shivers at a bus stop as a hurricane swirls around her. Rescued by a kind man who offers her shelter in his home, she reveals that she\u2019s been pregnant, impossibly, for two years. A lyrical play from the writer of <em>The Motorcycle Diaries<\/em>, <em>Cloud Tectonics<\/em> is a poetic consideration of human relationships, the impermanence of time, and the possibility of miracles.<\/p>\n\n\n\n<p>(Photo Credit: Peter Ringenberg)<\/p>\n\n\n\n<p><\/p>\n\n\n\n<figure class=\"wp-block-image size-large\"><img loading=\"lazy\" decoding=\"async\" width=\"1024\" height=\"683\" src=\"https:\/\/sites.nd.edu\/artnow\/files\/2022\/03\/Native-Gardens-017-1024x683.jpg\" alt=\"\" class=\"wp-image-410\" srcset=\"https:\/\/sites.nd.edu\/artnow\/files\/2022\/03\/Native-Gardens-017-1024x683.jpg 1024w, https:\/\/sites.nd.edu\/artnow\/files\/2022\/03\/Native-Gardens-017-300x200.jpg 300w, https:\/\/sites.nd.edu\/artnow\/files\/2022\/03\/Native-Gardens-017-768x512.jpg 768w, https:\/\/sites.nd.edu\/artnow\/files\/2022\/03\/Native-Gardens-017-1536x1024.jpg 1536w, https:\/\/sites.nd.edu\/artnow\/files\/2022\/03\/Native-Gardens-017-2048x1365.jpg 2048w\" sizes=\"auto, (max-width: 706px) 89vw, (max-width: 767px) 82vw, 740px\" \/><\/figure>\n\n\n\n<p><strong><em>Native Gardens<\/em> by Karen Zacar\u00edas, Directed by Kevin Dreyer, 2018<\/strong><\/p>\n\n\n\n<p>Pictured: Pablo Del Valle (Jorge Azc\u00e1rate) argues with his wife, Tania Del Valle (Mar\u00eda Amen\u00e1bar Farias).<\/p>\n\n\n\n<p>Synopsis: In <em>Native Gardens<\/em>, Zacar\u00edas considers complications between Latinx and Anglo worlds through the contestation of physical and cultural borders. She also focuses on<br>the intersectionality between Latina, Latin American, and Anglo cultures within a modern U.S. context. In her comedy, Zacar\u00edas provides the garden metaphor to complicate received notions of border crossing, land appropriation, and indigeneity. Though set in a U.S. neighborhood, the Latinx and Anglo characters\u2019 conflict over land rights echoes historical conflicts that exist along the U.S. Mexico border.<\/p>\n\n\n\n<p>(Photo Credit: Peter Ringenberg)<\/p>\n\n\n\n<p><\/p>\n\n\n\n<figure class=\"wp-block-image size-large\"><img loading=\"lazy\" decoding=\"async\" width=\"1024\" height=\"683\" src=\"https:\/\/sites.nd.edu\/artnow\/files\/2022\/02\/nd.theatre.now_.135-1024x683.jpg\" alt=\"\" class=\"wp-image-367\" srcset=\"https:\/\/sites.nd.edu\/artnow\/files\/2022\/02\/nd.theatre.now_.135-1024x683.jpg 1024w, https:\/\/sites.nd.edu\/artnow\/files\/2022\/02\/nd.theatre.now_.135-300x200.jpg 300w, https:\/\/sites.nd.edu\/artnow\/files\/2022\/02\/nd.theatre.now_.135-768x512.jpg 768w, https:\/\/sites.nd.edu\/artnow\/files\/2022\/02\/nd.theatre.now_.135-1536x1024.jpg 1536w, https:\/\/sites.nd.edu\/artnow\/files\/2022\/02\/nd.theatre.now_.135.jpg 2048w\" sizes=\"auto, (max-width: 706px) 89vw, (max-width: 767px) 82vw, 740px\" \/><\/figure>\n\n\n\n<p><strong><em>Out of Orbit<\/em> by Lucas Garc\u00eda, Directed by Anthony Murphy, 2014<\/strong><\/p>\n\n\n\n<p>Pictured: Joseph (Eric Ways) faces his mother Nora (Nandi Mgwaba).<\/p>\n\n\n\n<p>Synopsis: In <em>Out of Orbit<\/em>, directed by Anthony Murphy, a college senior brings his boyfriend home for the weekend, propelling his parents into new and unexpected territory.<\/p>\n\n\n\n<p>(Photo Credit: Peter Ringenberg)<\/p>\n\n\n\n<p><\/p>\n\n\n\n<figure class=\"wp-block-image size-large\"><img loading=\"lazy\" decoding=\"async\" width=\"1024\" height=\"682\" src=\"https:\/\/sites.nd.edu\/artnow\/files\/2022\/02\/blood.wedding.00233-1024x682.jpg\" alt=\"\" class=\"wp-image-358\" srcset=\"https:\/\/sites.nd.edu\/artnow\/files\/2022\/02\/blood.wedding.00233-1024x682.jpg 1024w, https:\/\/sites.nd.edu\/artnow\/files\/2022\/02\/blood.wedding.00233-300x200.jpg 300w, https:\/\/sites.nd.edu\/artnow\/files\/2022\/02\/blood.wedding.00233-768x512.jpg 768w, https:\/\/sites.nd.edu\/artnow\/files\/2022\/02\/blood.wedding.00233-1536x1024.jpg 1536w, https:\/\/sites.nd.edu\/artnow\/files\/2022\/02\/blood.wedding.00233.jpg 2000w\" sizes=\"auto, (max-width: 706px) 89vw, (max-width: 767px) 82vw, 740px\" \/><\/figure>\n\n\n\n<p><strong><em>Blood<\/em> <em>Wedding<\/em> by Federico Garc\u00eda-Lorca, Translated by Caridad Svich, Directed by Anton Juan, 2014<\/strong><\/p>\n\n\n\n<p>Pictured: Mother (Natalia Cuevas) speaks to her son (Guillermo Alonso).<\/p>\n\n\n\n<p>Synopsis:<\/p>\n\n\n\n<p>(Photo Credit: Peter Ringenberg)<\/p>\n\n\n\n<p><\/p>\n\n\n\n<figure class=\"wp-block-image size-large\"><img loading=\"lazy\" decoding=\"async\" width=\"1024\" height=\"682\" src=\"https:\/\/sites.nd.edu\/artnow\/files\/2022\/02\/shadows.363-1024x682.jpg\" alt=\"\" class=\"wp-image-364\" srcset=\"https:\/\/sites.nd.edu\/artnow\/files\/2022\/02\/shadows.363-1024x682.jpg 1024w, https:\/\/sites.nd.edu\/artnow\/files\/2022\/02\/shadows.363-300x200.jpg 300w, https:\/\/sites.nd.edu\/artnow\/files\/2022\/02\/shadows.363-768x512.jpg 768w, https:\/\/sites.nd.edu\/artnow\/files\/2022\/02\/shadows.363-1536x1024.jpg 1536w, https:\/\/sites.nd.edu\/artnow\/files\/2022\/02\/shadows.363.jpg 2000w\" sizes=\"auto, (max-width: 706px) 89vw, (max-width: 767px) 82vw, 740px\" \/><\/figure>\n\n\n\n<p><strong><em>Shadows of the Reef<\/em>, Written and Directed by Anton Juan, 2013<\/strong><\/p>\n\n\n\n<p>Pictured: Padre Justo (Guillermo Alonso Fourz\u00e1n) speaks with Lupe (Olga Natividad).<\/p>\n\n\n\n<p>Synopsis: Inspired by Good Friday observances in the Philippines, where blood-soaked flagellants walk the streets and towns hold annual crucifixions, <em>Shadows of the Reef<\/em> is set in a poor fishing village, where young boys are recruited by Japanese fishing trawlers to dive deep into the sea. There they pound on the coral to agitate the fish \u2013 then swim swiftly to the surface before they too are trapped in the trawlers\u2019 massive nets. After a mother loses her young son to a watery death in the nets, she is tormented by guilt. Believing that she can find redemption through her suffering, she pleads for the opportunity to sacrifice herself in the village\u2019s traditional Good Friday crucifixion. But is she \u2013 a woman and a prostitute \u2013 worthy of such an \u201chonor\u201d?<\/p>\n\n\n\n<p>(Photo Credit: Peter Ringenberg)<\/p>\n","protected":false},"excerpt":{"rendered":"<p>This is Modern Art by Idris Goodwin and Kevin Coval, Directed by Zuri Eshun (ND\u201914), Fall 2021 Pictured: Dose (Lamont Marino), Selena (Lyric Medeiros), Seven (Eric Ways ND\u201918) and JC (Timothy Merkle) discuss their graffiti art. Synopsis: Graffiti crews are willing to risk anything for their art. Though people call them vandals, criminals, and even &hellip; <\/p>\n<p class=\"link-more\"><a href=\"https:\/\/sites.nd.edu\/artnow\/nd-productions-presentations\/\" class=\"more-link\">Continue reading<span class=\"screen-reader-text\"> &#8220;ND Productions&#8221;<\/span><\/a><\/p>\n","protected":false},"author":3877,"featured_media":0,"parent":0,"menu_order":0,"comment_status":"closed","ping_status":"closed","template":"","meta":{"footnotes":""},"class_list":["post-4","page","type-page","status-publish","hentry"],"_links":{"self":[{"href":"https:\/\/sites.nd.edu\/artnow\/wp-json\/wp\/v2\/pages\/4","targetHints":{"allow":["GET"]}}],"collection":[{"href":"https:\/\/sites.nd.edu\/artnow\/wp-json\/wp\/v2\/pages"}],"about":[{"href":"https:\/\/sites.nd.edu\/artnow\/wp-json\/wp\/v2\/types\/page"}],"author":[{"embeddable":true,"href":"https:\/\/sites.nd.edu\/artnow\/wp-json\/wp\/v2\/users\/3877"}],"replies":[{"embeddable":true,"href":"https:\/\/sites.nd.edu\/artnow\/wp-json\/wp\/v2\/comments?post=4"}],"version-history":[{"count":25,"href":"https:\/\/sites.nd.edu\/artnow\/wp-json\/wp\/v2\/pages\/4\/revisions"}],"predecessor-version":[{"id":421,"href":"https:\/\/sites.nd.edu\/artnow\/wp-json\/wp\/v2\/pages\/4\/revisions\/421"}],"wp:attachment":[{"href":"https:\/\/sites.nd.edu\/artnow\/wp-json\/wp\/v2\/media?parent=4"}],"curies":[{"name":"wp","href":"https:\/\/api.w.org\/{rel}","templated":true}]}}