{"id":219,"date":"2018-05-03T22:15:23","date_gmt":"2018-05-04T02:15:23","guid":{"rendered":"http:\/\/sites.nd.edu\/darcianarvaez\/?page_id=219"},"modified":"2018-05-03T22:15:23","modified_gmt":"2018-05-04T02:15:23","slug":"en-espanol","status":"publish","type":"page","link":"https:\/\/sites.nd.edu\/darcianarvaez\/en-espanol\/","title":{"rendered":"En Espa\u00f1ol"},"content":{"rendered":"<h2 style=\"text-align: center\"><strong>Blogs traducidos en espanol<\/strong><\/h2>\n<p><a href=\"http:\/\/cozybebe.blogspot.mx\/2015\/04\/cinco-cosas-que-no-se-deben-hacer-los.html\">http:\/\/cozybebe.blogspot.mx\/2015\/04\/cinco-cosas-que-no-se-deben-hacer-los.html<\/a><\/p>\n<p class=\"style2\"><a href=\"http:\/\/mamasgallina.blogspot.com\/\">http:\/\/mamasgallina.blogspot.com\/<\/a><\/p>\n<p class=\"style2\"><a href=\"http:\/\/losquincemandamientos.blogspot.com\/2013\/07\/de-verdad-nacimos-para-ser-egoistas-lo.html\">http:\/\/losquincemandamientos.blogspot.com\/2013\/07\/de-verdad-nacimos-para-ser-egoistas-lo.html<\/a><\/p>\n<p class=\"style2\"><a href=\"http:\/\/losquincemandamientos.blogspot.com\/2013\/03\/el-declive-de-los-ninos-y-del-sentido.html\">El declive de los ni\u00f1os y del sentido moral<\/a><\/p>\n<p class=\"style2\">\n<h2 style=\"text-align: center\"><strong>Hay una nueva revista que contiene traducciones de varios papeles:<\/strong>\u00a0\u00a0<a class=\"style1\" href=\"http:\/\/saber.ucv.ve\/ojs\/index.php\/rev_post\/issue\/view\/847\">Postconvencionales<\/a><\/h2>\n<p>Postconvencionales: \u00c9tica, Universidad, Democracia,\u00a0 No 7-8 (2014): Tabla de contenidos\u00a0<a href=\"http:\/\/saber.ucv.ve\/ojs\/index.php\/rev_post\/issue\/view\/847\">http:\/\/saber.ucv.ve\/ojs\/index.php\/rev_post\/issue\/view\/847<\/a><\/p>\n<h2 style=\"text-align: center\"><strong>PAPELES EN ESPANOL<\/strong><\/h2>\n<p>Narvaez, D. (June 7, 2007).\u00a0<em><a href=\"https:\/\/www3.nd.edu\/~dnarvaez\/documents\/DNarvaezPonenciaPapel061807.doc\">Educacion etica integrativa: los componentes del conocimiento experto, la comunidad y las virtudes<\/a>\u00a0[Integrative Ethical Education: The Components of Expertise, Community and Virtue].\u00a0<\/em>\u00a0El desarrollo de la personalidad moral y el comportamiento c\u00edvico de profesores y alumnos de educaci\u00f3n b\u00e1sica y de estudiantes de educaci\u00f3n normal, Universidad Nuevo Autonoma de Mexico, Mexico City.<\/p>\n<p>&nbsp;<\/p>\n","protected":false},"excerpt":{"rendered":"<p>Blogs traducidos en espanol http:\/\/cozybebe.blogspot.mx\/2015\/04\/cinco-cosas-que-no-se-deben-hacer-los.html http:\/\/mamasgallina.blogspot.com\/ http:\/\/losquincemandamientos.blogspot.com\/2013\/07\/de-verdad-nacimos-para-ser-egoistas-lo.html El declive de los ni\u00f1os y del sentido moral Hay una nueva revista que contiene traducciones de varios papeles:\u00a0\u00a0Postconvencionales Postconvencionales: \u00c9tica, Universidad, Democracia,\u00a0 No 7-8 (2014): Tabla de contenidos\u00a0http:\/\/saber.ucv.ve\/ojs\/index.php\/rev_post\/issue\/view\/847 PAPELES EN ESPANOL Narvaez, D. (June 7, 2007).\u00a0Educacion etica integrativa: los componentes del conocimiento experto, la comunidad y las &hellip; <\/p>\n<p><a class=\"more-link block-button\" href=\"https:\/\/sites.nd.edu\/darcianarvaez\/en-espanol\/\">Continue reading &raquo;<\/a><\/p>\n","protected":false},"author":2970,"featured_media":0,"parent":0,"menu_order":0,"comment_status":"closed","ping_status":"closed","template":"","meta":{"footnotes":""},"class_list":["post-219","page","type-page","status-publish","hentry","nodate"],"_links":{"self":[{"href":"https:\/\/sites.nd.edu\/darcianarvaez\/wp-json\/wp\/v2\/pages\/219","targetHints":{"allow":["GET"]}}],"collection":[{"href":"https:\/\/sites.nd.edu\/darcianarvaez\/wp-json\/wp\/v2\/pages"}],"about":[{"href":"https:\/\/sites.nd.edu\/darcianarvaez\/wp-json\/wp\/v2\/types\/page"}],"author":[{"embeddable":true,"href":"https:\/\/sites.nd.edu\/darcianarvaez\/wp-json\/wp\/v2\/users\/2970"}],"replies":[{"embeddable":true,"href":"https:\/\/sites.nd.edu\/darcianarvaez\/wp-json\/wp\/v2\/comments?post=219"}],"version-history":[{"count":1,"href":"https:\/\/sites.nd.edu\/darcianarvaez\/wp-json\/wp\/v2\/pages\/219\/revisions"}],"predecessor-version":[{"id":220,"href":"https:\/\/sites.nd.edu\/darcianarvaez\/wp-json\/wp\/v2\/pages\/219\/revisions\/220"}],"wp:attachment":[{"href":"https:\/\/sites.nd.edu\/darcianarvaez\/wp-json\/wp\/v2\/media?parent=219"}],"curies":[{"name":"wp","href":"https:\/\/api.w.org\/{rel}","templated":true}]}}