{"id":16,"date":"2013-11-13T18:44:12","date_gmt":"2013-11-13T18:44:12","guid":{"rendered":"http:\/\/blogs.nd.edu\/intgerman1\/?page_id=16"},"modified":"2013-11-22T01:11:05","modified_gmt":"2013-11-22T01:11:05","slug":"aufgabe-2","status":"publish","type":"page","link":"https:\/\/sites.nd.edu\/intgerman1\/aufgabe-2\/","title":{"rendered":"Aufgabe 2"},"content":{"rendered":"<p>1.  H\u00f6ren Sie sich das Lied an.  Ist das effektive Werbung im Kampf um die Umwelt?  Kommentieren Sie, bitte.<br \/>\n2.  Was alles k\u00f6nnen Sie pers\u00f6nlich tun, um die Welt zu retten?<\/p>\n<p><strong><em>Nur noch kurz die Welt retten <\/em><\/strong><br \/>\nIch w\u00e4r so gern dabei gewesen, doch ich hab viel zu viel zu tun; lass uns sp\u00e4ter weiter reden.<br \/>\nDa drau\u00dfen brauchen sie mich jetzt; die Situation wird untersch\u00e4tzt.<br \/>\nUnd vielleicht h\u00e4ngt unser Leben davon ab.<br \/>\nIch wei\u00df, es ist dir ernst; du kannst mich hier grad nicht entbehren; nur keine<br \/>\nAngst ich bleib nicht allzu lange fern.<\/p>\n<p>Muss nur noch kurz die Welt retten, danach flieg ich zu dir.<br \/>\nNoch 148 Mails checken; wer wei\u00df was mir dann noch passiert, denn es passiert so viel<br \/>\nMuss nur noch kurz die Welt retten, und gleich danach bin ich wieder bei dir.<\/p>\n<p>Irgendwie bin ich sp\u00e4t dran, fang schon mal mit dem Essen an.<br \/>\nIch sto\u00df dann sp\u00e4ter dazu.<br \/>\nDu fragst wieso, weshalb, warum, ich sag wer sowas fragt, ist dumm.<br \/>\nDenn du scheinst wohl nicht zu wissen, was ich tu.<br \/>\nNe ganz besondere Mission; lass mich dich mit Details verschonen.<br \/>\nGenug gesagt genug Information.<\/p>\n<p>Muss nur noch kurz die Welt retten, danach flieg ich zu dir.<br \/>\nNoch 148 Mails checken; wer wei\u00df was mir dann noch passiert, denn es passiert so viel<br \/>\nMuss nur noch kurz die Welt retten und gleich danach bin ich wieder bei dir.<\/p>\n<p>Die Zeit l\u00e4uft mir davon; zu warten w\u00e4re eine Schande f\u00fcr die ganze Weltbev\u00f6lkerung. Ich muss jetzt los sonst gibt&#8217;s die gro\u00dfe Katastrophe; merkst du nicht, dass wir in Not sind.<\/p>\n<p>Ich muss jetzt echt die Welt retten,<br \/>\nDanach flieg ich zu dir.<br \/>\nNoch 148 Mails checken; wer<br \/>\nwei\u00df was mir dann noch passiert, denn es passiert so viel.<\/p>\n<p>Muss nur noch kurz die Welt retten, danach flieg ich zu dir.<br \/>\nNoch 148713 Mails checken; wer wei\u00df was mir dann noch passiert, denn es passiert so viel.<br \/>\nMuss nur noch kurz die Welt retten, und gleich danach bin ich wieder bei dir.<\/p>\n<p><iframe loading=\"lazy\" title=\"Tim Bendzko - Nur noch kurz die Welt retten (live)\" width=\"584\" height=\"329\" src=\"https:\/\/www.youtube.com\/embed\/NYVA9GMsnbQ?feature=oembed\" frameborder=\"0\" allow=\"accelerometer; autoplay; clipboard-write; encrypted-media; gyroscope; picture-in-picture; web-share\" referrerpolicy=\"strict-origin-when-cross-origin\" allowfullscreen><\/iframe><\/p>\n","protected":false},"excerpt":{"rendered":"<p>1. H\u00f6ren Sie sich das Lied an. Ist das effektive Werbung im Kampf um die Umwelt? Kommentieren Sie, bitte. 2. Was alles k\u00f6nnen Sie pers\u00f6nlich tun, um die Welt zu retten? Nur noch kurz die Welt retten Ich w\u00e4r so &hellip; <a href=\"https:\/\/sites.nd.edu\/intgerman1\/aufgabe-2\/\">Continue reading <span class=\"meta-nav\">&rarr;<\/span><\/a><\/p>\n","protected":false},"author":1531,"featured_media":0,"parent":0,"menu_order":0,"comment_status":"closed","ping_status":"closed","template":"","meta":{"footnotes":""},"class_list":["post-16","page","type-page","status-publish","hentry"],"_links":{"self":[{"href":"https:\/\/sites.nd.edu\/intgerman1\/wp-json\/wp\/v2\/pages\/16","targetHints":{"allow":["GET"]}}],"collection":[{"href":"https:\/\/sites.nd.edu\/intgerman1\/wp-json\/wp\/v2\/pages"}],"about":[{"href":"https:\/\/sites.nd.edu\/intgerman1\/wp-json\/wp\/v2\/types\/page"}],"author":[{"embeddable":true,"href":"https:\/\/sites.nd.edu\/intgerman1\/wp-json\/wp\/v2\/users\/1531"}],"replies":[{"embeddable":true,"href":"https:\/\/sites.nd.edu\/intgerman1\/wp-json\/wp\/v2\/comments?post=16"}],"version-history":[{"count":8,"href":"https:\/\/sites.nd.edu\/intgerman1\/wp-json\/wp\/v2\/pages\/16\/revisions"}],"predecessor-version":[{"id":95,"href":"https:\/\/sites.nd.edu\/intgerman1\/wp-json\/wp\/v2\/pages\/16\/revisions\/95"}],"wp:attachment":[{"href":"https:\/\/sites.nd.edu\/intgerman1\/wp-json\/wp\/v2\/media?parent=16"}],"curies":[{"name":"wp","href":"https:\/\/api.w.org\/{rel}","templated":true}]}}