{"id":203,"date":"2024-03-20T09:52:41","date_gmt":"2024-03-20T09:52:41","guid":{"rendered":"https:\/\/sites.nd.edu\/kgs\/?page_id=203"},"modified":"2024-04-10T15:26:55","modified_gmt":"2024-04-10T14:26:55","slug":"week-1","status":"publish","type":"page","link":"https:\/\/sites.nd.edu\/kgs\/week-1\/","title":{"rendered":"Kylemore Abbey Global Centre: 9-13 June"},"content":{"rendered":"\n<figure class=\"wp-block-image size-large is-style-default\"><img loading=\"lazy\" decoding=\"async\" width=\"1024\" height=\"413\" src=\"https:\/\/sites.nd.edu\/kgs\/files\/2024\/03\/Capture-1-1024x413.png\" alt=\"\" class=\"wp-image-211\" srcset=\"https:\/\/sites.nd.edu\/kgs\/files\/2024\/03\/Capture-1-1024x413.png 1024w, https:\/\/sites.nd.edu\/kgs\/files\/2024\/03\/Capture-1-300x121.png 300w, https:\/\/sites.nd.edu\/kgs\/files\/2024\/03\/Capture-1-768x309.png 768w, https:\/\/sites.nd.edu\/kgs\/files\/2024\/03\/Capture-1-1536x619.png 1536w, https:\/\/sites.nd.edu\/kgs\/files\/2024\/03\/Capture-1.png 1807w\" sizes=\"auto, (max-width: 1024px) 100vw, 1024px\" \/><\/figure>\n\n\n\n<div style=\"height:44px\" aria-hidden=\"true\" class=\"wp-block-spacer\"><\/div>\n\n\n\n<p><\/p>\n\n\n\n<p>At Kylemore, participants will explore the question of Irish literary language in Ireland and the world. They will follow an intensive seminar on contemporary Irish fiction and poetry led by Prof.&nbsp;<a href=\"https:\/\/irishlanguage.nd.edu\/people\/cliona-ni-riordain\/\">Cl\u00edona N\u00ed R\u00edord\u00e1in<\/a>, and participate in conversations and readings with a group of writers who will be in residence for the duration: poets&nbsp;<a href=\"https:\/\/english.northwestern.edu\/people\/faculty\/trethewey-natasha.html\">Natasha Trethewey<\/a> and&nbsp;<a href=\"https:\/\/gallerypress.com\/authors\/m-to-n\/eilean-ni-chuilleanain\/\">Eil\u00e9an N\u00ed Chuillean\u00e1in<\/a>; and novelist <a href=\"https:\/\/thebookerprizes.com\/the-booker-library\/authors\/paul-murray\">Paul Murray<\/a>&nbsp;<\/p>\n\n\n\n<hr class=\"wp-block-separator has-alpha-channel-opacity\" \/>\n\n\n\n<h2 class=\"wp-block-heading\">Accommodation<\/h2>\n\n\n\n<p><\/p>\n\n\n\n<p>While at the Kylemore Abbey Global Centre, participants will stay in shared twin bedrooms with a shared en suite bathroom. Some rooms will consist of bunk beds. Desks are provided in each room, and all rooms feature views of the mountain and the lake. More information about the amenities at Kylemore can be found <a href=\"https:\/\/kylemore.nd.edu\/conferences\/facilities\/accommodation\/\" data-type=\"link\" data-id=\"https:\/\/kylemore.nd.edu\/conferences\/facilities\/accommodation\/\">here<\/a>. <\/p>\n\n\n\n<p>While at Kylemore, all meals will be provided. If you have any concerns or special requests regarding accommodation, or if you have any food allergies or dietary restrictions, please email Sarah Deneher at <a href=\"mailto:sdeneher@nd.edu\">sdeneher@nd.edu<\/a>.<\/p>\n\n\n\n<div style=\"height:34px\" aria-hidden=\"true\" class=\"wp-block-spacer\"><\/div>\n\n\n\n<div style=\"height:27px\" aria-hidden=\"true\" class=\"wp-block-spacer\"><\/div>\n\n\n\n<div class=\"wp-block-group is-content-justification-center is-nowrap is-layout-flex wp-container-core-group-is-layout-94bc23d7 wp-block-group-is-layout-flex\">\n<figure class=\"wp-block-image size-large\"><img loading=\"lazy\" decoding=\"async\" width=\"1024\" height=\"682\" src=\"https:\/\/sites.nd.edu\/kgs\/files\/2024\/04\/PR-Kylemore-Interiors-003-2-1024x682.jpg\" alt=\"\" class=\"wp-image-378\" srcset=\"https:\/\/sites.nd.edu\/kgs\/files\/2024\/04\/PR-Kylemore-Interiors-003-2-1024x682.jpg 1024w, https:\/\/sites.nd.edu\/kgs\/files\/2024\/04\/PR-Kylemore-Interiors-003-2-300x200.jpg 300w, https:\/\/sites.nd.edu\/kgs\/files\/2024\/04\/PR-Kylemore-Interiors-003-2-768x512.jpg 768w, https:\/\/sites.nd.edu\/kgs\/files\/2024\/04\/PR-Kylemore-Interiors-003-2-1536x1024.jpg 1536w, https:\/\/sites.nd.edu\/kgs\/files\/2024\/04\/PR-Kylemore-Interiors-003-2.jpg 2000w\" sizes=\"auto, (max-width: 1024px) 100vw, 1024px\" \/><\/figure>\n\n\n\n<figure class=\"wp-block-image size-large\"><img loading=\"lazy\" decoding=\"async\" width=\"1024\" height=\"682\" src=\"https:\/\/sites.nd.edu\/kgs\/files\/2024\/04\/PR-Kylemore-Interiors-015-1024x682.jpg\" alt=\"\" class=\"wp-image-373\" srcset=\"https:\/\/sites.nd.edu\/kgs\/files\/2024\/04\/PR-Kylemore-Interiors-015-1024x682.jpg 1024w, https:\/\/sites.nd.edu\/kgs\/files\/2024\/04\/PR-Kylemore-Interiors-015-300x200.jpg 300w, https:\/\/sites.nd.edu\/kgs\/files\/2024\/04\/PR-Kylemore-Interiors-015-768x512.jpg 768w, https:\/\/sites.nd.edu\/kgs\/files\/2024\/04\/PR-Kylemore-Interiors-015-1536x1024.jpg 1536w, https:\/\/sites.nd.edu\/kgs\/files\/2024\/04\/PR-Kylemore-Interiors-015.jpg 2000w\" sizes=\"auto, (max-width: 1024px) 100vw, 1024px\" \/><\/figure>\n<\/div>\n\n\n\n<p><\/p>\n\n\n\n<div class=\"wp-block-group is-content-justification-center is-nowrap is-layout-flex wp-container-core-group-is-layout-94bc23d7 wp-block-group-is-layout-flex\">\n<figure class=\"wp-block-image size-large\"><img loading=\"lazy\" decoding=\"async\" width=\"1024\" height=\"682\" src=\"https:\/\/sites.nd.edu\/kgs\/files\/2024\/04\/PR-Kylemore-Interiors-086-1-1024x682.jpg\" alt=\"\" class=\"wp-image-380\" srcset=\"https:\/\/sites.nd.edu\/kgs\/files\/2024\/04\/PR-Kylemore-Interiors-086-1-1024x682.jpg 1024w, https:\/\/sites.nd.edu\/kgs\/files\/2024\/04\/PR-Kylemore-Interiors-086-1-300x200.jpg 300w, https:\/\/sites.nd.edu\/kgs\/files\/2024\/04\/PR-Kylemore-Interiors-086-1-768x512.jpg 768w, https:\/\/sites.nd.edu\/kgs\/files\/2024\/04\/PR-Kylemore-Interiors-086-1-1536x1024.jpg 1536w, https:\/\/sites.nd.edu\/kgs\/files\/2024\/04\/PR-Kylemore-Interiors-086-1.jpg 2000w\" sizes=\"auto, (max-width: 1024px) 100vw, 1024px\" \/><\/figure>\n\n\n\n<figure class=\"wp-block-image size-large\"><img loading=\"lazy\" decoding=\"async\" width=\"1024\" height=\"682\" src=\"https:\/\/sites.nd.edu\/kgs\/files\/2024\/04\/PR-Kylemore-Interiors-040-1024x682.jpg\" alt=\"\" class=\"wp-image-371\" srcset=\"https:\/\/sites.nd.edu\/kgs\/files\/2024\/04\/PR-Kylemore-Interiors-040-1024x682.jpg 1024w, https:\/\/sites.nd.edu\/kgs\/files\/2024\/04\/PR-Kylemore-Interiors-040-300x200.jpg 300w, https:\/\/sites.nd.edu\/kgs\/files\/2024\/04\/PR-Kylemore-Interiors-040-768x512.jpg 768w, https:\/\/sites.nd.edu\/kgs\/files\/2024\/04\/PR-Kylemore-Interiors-040-1536x1024.jpg 1536w, https:\/\/sites.nd.edu\/kgs\/files\/2024\/04\/PR-Kylemore-Interiors-040.jpg 2000w\" sizes=\"auto, (max-width: 1024px) 100vw, 1024px\" \/><\/figure>\n<\/div>\n\n\n\n<hr class=\"wp-block-separator has-alpha-channel-opacity\" \/>\n\n\n\n<p><\/p>\n\n\n\n<h2 class=\"wp-block-heading\">Draft Timetable<\/h2>\n\n\n\n<div style=\"height:35px\" aria-hidden=\"true\" class=\"wp-block-spacer\"><\/div>\n\n\n<div class=\"wp-block-image\">\n<figure class=\"aligncenter size-large is-resized\"><img loading=\"lazy\" decoding=\"async\" width=\"1024\" height=\"614\" src=\"https:\/\/sites.nd.edu\/kgs\/files\/2024\/04\/Kylemore-Graduate-Seminar-Schedule-for-Website-1024x614.png\" alt=\"\" class=\"wp-image-448\" style=\"width:937px;height:auto\" srcset=\"https:\/\/sites.nd.edu\/kgs\/files\/2024\/04\/Kylemore-Graduate-Seminar-Schedule-for-Website-1024x614.png 1024w, https:\/\/sites.nd.edu\/kgs\/files\/2024\/04\/Kylemore-Graduate-Seminar-Schedule-for-Website-300x180.png 300w, https:\/\/sites.nd.edu\/kgs\/files\/2024\/04\/Kylemore-Graduate-Seminar-Schedule-for-Website-768x461.png 768w, https:\/\/sites.nd.edu\/kgs\/files\/2024\/04\/Kylemore-Graduate-Seminar-Schedule-for-Website-1536x922.png 1536w, https:\/\/sites.nd.edu\/kgs\/files\/2024\/04\/Kylemore-Graduate-Seminar-Schedule-for-Website-2048x1229.png 2048w\" sizes=\"auto, (max-width: 1024px) 100vw, 1024px\" \/><\/figure>\n<\/div>","protected":false},"excerpt":{"rendered":"<p>At Kylemore, participants will explore the question of Irish literary language in Ireland and the world. They will follow an intensive seminar on contemporary Irish fiction and poetry led by Prof.&nbsp;Cl\u00edona N\u00ed R\u00edord\u00e1in, and participate in conversations and readings with a group of writers who will be in residence for the duration: poets&nbsp;Natasha Trethewey and&nbsp;Eil\u00e9an [&hellip;]<\/p>\n","protected":false},"author":4787,"featured_media":0,"parent":0,"menu_order":0,"comment_status":"closed","ping_status":"closed","template":"","meta":{"footnotes":""},"class_list":["post-203","page","type-page","status-publish","hentry"],"_links":{"self":[{"href":"https:\/\/sites.nd.edu\/kgs\/wp-json\/wp\/v2\/pages\/203","targetHints":{"allow":["GET"]}}],"collection":[{"href":"https:\/\/sites.nd.edu\/kgs\/wp-json\/wp\/v2\/pages"}],"about":[{"href":"https:\/\/sites.nd.edu\/kgs\/wp-json\/wp\/v2\/types\/page"}],"author":[{"embeddable":true,"href":"https:\/\/sites.nd.edu\/kgs\/wp-json\/wp\/v2\/users\/4787"}],"replies":[{"embeddable":true,"href":"https:\/\/sites.nd.edu\/kgs\/wp-json\/wp\/v2\/comments?post=203"}],"version-history":[{"count":36,"href":"https:\/\/sites.nd.edu\/kgs\/wp-json\/wp\/v2\/pages\/203\/revisions"}],"predecessor-version":[{"id":489,"href":"https:\/\/sites.nd.edu\/kgs\/wp-json\/wp\/v2\/pages\/203\/revisions\/489"}],"wp:attachment":[{"href":"https:\/\/sites.nd.edu\/kgs\/wp-json\/wp\/v2\/media?parent=203"}],"curies":[{"name":"wp","href":"https:\/\/api.w.org\/{rel}","templated":true}]}}