{"id":260,"date":"2024-03-20T12:51:07","date_gmt":"2024-03-20T12:51:07","guid":{"rendered":"https:\/\/sites.nd.edu\/kgs\/?page_id=260"},"modified":"2024-04-10T14:48:06","modified_gmt":"2024-04-10T13:48:06","slug":"faculty","status":"publish","type":"page","link":"https:\/\/sites.nd.edu\/kgs\/faculty\/","title":{"rendered":"Faculty"},"content":{"rendered":"\n<div class=\"wp-block-group\"><div class=\"wp-block-group__inner-container is-layout-constrained wp-block-group-is-layout-constrained\">\n<div class=\"wp-block-group\"><div class=\"wp-block-group__inner-container is-layout-constrained wp-block-group-is-layout-constrained\">\n<div class=\"wp-block-group\"><div class=\"wp-block-group__inner-container is-layout-constrained wp-block-group-is-layout-constrained\"><div class=\"wp-block-image is-style-rounded\">\n<figure class=\"alignleft is-resized\"><img loading=\"lazy\" decoding=\"async\" width=\"600\" height=\"600\" src=\"https:\/\/sites.nd.edu\/kgs\/files\/2024\/03\/cli_ona_ni_ri_orda_in_pic.jpg\" alt=\"\" class=\"wp-image-283\" style=\"width:288px;height:auto\" srcset=\"https:\/\/sites.nd.edu\/kgs\/files\/2024\/03\/cli_ona_ni_ri_orda_in_pic.jpg 600w, https:\/\/sites.nd.edu\/kgs\/files\/2024\/03\/cli_ona_ni_ri_orda_in_pic-300x300.jpg 300w, https:\/\/sites.nd.edu\/kgs\/files\/2024\/03\/cli_ona_ni_ri_orda_in_pic-150x150.jpg 150w\" sizes=\"auto, (max-width: 600px) 100vw, 600px\" \/><\/figure>\n<\/div><\/div><\/div>\n\n\n\n<h2 class=\"wp-block-heading has-text-align-left\">Prof. <a href=\"https:\/\/irishlanguage.nd.edu\/people\/cliona-ni-riordain\/\">Cl\u00edona N\u00ed R\u00edord\u00e1in<\/a> <\/h2>\n\n\n\n<p><a href=\"https:\/\/irishlanguage.nd.edu\/people\/cliona-ni-riordain\/\">Cl\u00edona N\u00ed R\u00edord\u00e1in<\/a> is a critic and translator. She holds a doctorate from the University of Lyon Lumi\u00e8re, post-graduate degrees from the Sorbonne, the Sorbonne Nouvelle and University College Cork, and an undergraduate degree from Mary Immaculate College, Limerick. Before joining Notre Dame, she taught Irish literature and translation studies at the Sorbonne&nbsp;Nouvelle from 2003-2023.<\/p>\n\n\n\n<p>She is the editor of four anthologies of Irish poetry, and two collections of essays,&nbsp;<em>Speaking Like a Spanish Cow<\/em>&nbsp;(Ibidem 2019) and&nbsp;<em>The Poets and Poetry of&nbsp;<\/em><em>Munster<\/em>&nbsp;(Ibidem 2023). She co-authored Irlande: histoire, soci\u00e9t\u00e9, culture, with Maurice Goldring (La D\u00e9couverte, 2012). Her monograph,&nbsp;<em>English Language Poets<\/em>&nbsp;in University College Cork (Palgrave 2020), was the first to explore the work of a generation of Irish poets who came to maturity after Donogh O\u2019Malley\u2019s 1967 education act.&nbsp;<em>Yell, Sam, If You Still Can&nbsp;<\/em>(Lilliput 2022), her translation of Maylis Besserie\u2019s first novel was a Financial Times book of the year in 2022. Her most recent publication is a personal anthology of the poems of Gerry Murphy,&nbsp;<em>Plus loin encore<\/em>&nbsp;(Circe, 2023), co-edited and co-translated with Paul Bensimon.<\/p>\n\n\n\n<p>She is an Irish government appointee to the strategy committee of the Centre Culturel Irlandais in Paris. Her research interests include contemporary Irish literature, especially poetry, in Irish and English, the sociology of literature, translation studies, and sociolinguistics. <\/p>\n\n\n\n<hr class=\"wp-block-separator has-alpha-channel-opacity\" \/>\n<\/div><\/div>\n<\/div><\/div>\n\n\n\n<div class=\"wp-block-group\"><div class=\"wp-block-group__inner-container is-layout-constrained wp-block-group-is-layout-constrained\">\n<div class=\"wp-block-group\"><div class=\"wp-block-group__inner-container is-layout-constrained wp-block-group-is-layout-constrained\">\n<div class=\"wp-block-group\"><div class=\"wp-block-group__inner-container is-layout-constrained wp-block-group-is-layout-constrained\"><div class=\"wp-block-image is-style-rounded\">\n<figure class=\"alignright is-resized\"><img loading=\"lazy\" decoding=\"async\" width=\"600\" height=\"600\" src=\"https:\/\/sites.nd.edu\/kgs\/files\/2024\/03\/peter_mcquillan.jpg\" alt=\"\" class=\"wp-image-302\" style=\"width:332px;height:auto\" srcset=\"https:\/\/sites.nd.edu\/kgs\/files\/2024\/03\/peter_mcquillan.jpg 600w, https:\/\/sites.nd.edu\/kgs\/files\/2024\/03\/peter_mcquillan-300x300.jpg 300w, https:\/\/sites.nd.edu\/kgs\/files\/2024\/03\/peter_mcquillan-150x150.jpg 150w\" sizes=\"auto, (max-width: 600px) 100vw, 600px\" \/><\/figure>\n<\/div><\/div><\/div>\n\n\n\n<h2 class=\"wp-block-heading\">Prof. Peter McQuillan<\/h2>\n\n\n\n<p><a href=\"https:\/\/irishlanguage.nd.edu\/people\/peter-mcquillan\/\">Peter McQuillan<\/a>,&nbsp;Associate Professor of Irish Language and Literature, holds a B.A. and M.A. from University College, Dublin, and a Ph.D. in Celtic languages and literatures from Harvard University. Before coming to Notre Dame, he held the Sir John Rhys Studentship in Celtic Studies at Jesus College, Oxford University, and taught Irish at the University of Regensburg in Germany and at Harvard.<\/p>\n\n\n\n<p>He has published articles in the&nbsp;<em>Journal of Celtic Linguisti<\/em>cs and&nbsp;<em>Proceedings of the Harvard Celtic Colloquium<\/em>, and is currently preparing material for publication in&nbsp;<em>\u00c9riu<\/em>&nbsp;and<em>&nbsp;\u00c9igse<\/em>. He is the author of&nbsp;<em>Modality and the Subjunctive Mood in Irish&nbsp;<\/em>(2002) and&nbsp;<em>Native and Natural: Aspects of the Concepts of Right and Freedom in Irish<\/em>&nbsp;(2004), an analysis of the transformation of concepts of rights and freedom as expressed in the Irish language.<\/p>\n\n\n\n<p>Professor McQuillan has twice served as chair of the Department of Irish Language and Literature.&nbsp; He is curently the director of undergraduate studies in the Department of Irish Language Literature.<\/p>\n\n\n\n<p>In February 2019, he&nbsp;delivered&nbsp;the annual&nbsp;<strong>Breand\u00e1n \u00d3 Buachalla Memorial Lecture<\/strong>, a signature event&nbsp;in the Keough-Naughton Institute&#8217;s academic year. His theme:&nbsp;&#8220;Remarks on the History of Social and Political Concepts in Irish.&#8221; <\/p>\n<\/div><\/div>\n\n\n\n<hr class=\"wp-block-separator has-alpha-channel-opacity\" \/>\n\n\n\n<div class=\"wp-block-group\"><div class=\"wp-block-group__inner-container is-layout-constrained wp-block-group-is-layout-constrained\">\n<div class=\"wp-block-group\"><div class=\"wp-block-group__inner-container is-layout-constrained wp-block-group-is-layout-constrained\"><div class=\"wp-block-image is-style-rounded\">\n<figure class=\"alignleft is-resized\"><img loading=\"lazy\" decoding=\"async\" width=\"600\" height=\"600\" src=\"https:\/\/sites.nd.edu\/kgs\/files\/2024\/04\/headshot_rapple-edited.jpg\" alt=\"\" class=\"wp-image-483\" style=\"width:282px;height:auto\" srcset=\"https:\/\/sites.nd.edu\/kgs\/files\/2024\/04\/headshot_rapple-edited.jpg 600w, https:\/\/sites.nd.edu\/kgs\/files\/2024\/04\/headshot_rapple-edited-300x300.jpg 300w, https:\/\/sites.nd.edu\/kgs\/files\/2024\/04\/headshot_rapple-edited-150x150.jpg 150w\" sizes=\"auto, (max-width: 600px) 100vw, 600px\" \/><\/figure>\n<\/div><\/div><\/div>\n\n\n\n<h2 class=\"wp-block-heading\">Prof. Rory Rapple<\/h2>\n\n\n\n<p><a href=\"https:\/\/irishlanguage.nd.edu\/people\/rory-rapple\/\">Rory Rapple<\/a>&nbsp;is Associate&nbsp;Professor of History with research interests that include political thinking in Early Modern Britain and Ireland; Britain, Ireland and the Atlantic World; violence in Early-Modern Europe; military culture in Early Modern Europe; and aspects of political and social culture in Ireland during the twentieth century.<\/p>\n\n\n\n<p>He is currently&nbsp;writing a book on the life and mental world of Sir Humphrey Gilbert, the pioneer of English transatlantic exploration and settlement who played a significant role in Irish history. The&nbsp;book will place particular emphasis on his considerable reputation among contemporaries as the champion of a particularly high view of monarchical power.&nbsp;<\/p>\n\n\n\n<p>He is also researching and writing on the methods used in the administration of the Crown Army in Tudor and Early Stuart Ireland from the eve of the Nine Years\u2019 War to the unfolding of Strafford\u2019s plans for a new army. This is part of a wider survey of the character of the Tudor and Stuart administration in Ireland. A third&nbsp;book project is the dynamic of the conflict often called the &#8220;Nine Years&#8217; War&#8221; which convulsed both English and Irish politics in the last decade of Elizabeth I&#8217;s reign.<\/p>\n\n\n\n<p>Professor Rapple&#8217;s publications&nbsp;include:&nbsp;<em>Martial Power and Elizabethan Political Culture: military men in England and Ireland, 1558-1594<\/em>&nbsp;(Cambridge: Cambridge University Press, 2009);&nbsp;<em>\u2018Brinkmanship and bad luck: Ireland, the Nine Years\u2019 War and the Succession\u2019 in Doubtful and Dangerous:The Question of succession in late Elizabethan England<\/em>, eds S. Doran and P. Kewes (Manchester: Manchester University Press, 2014), 236-256; and&nbsp;<em>Shakespeare, the Irish, and Military Culture\u2019&nbsp;<\/em>an 8,500 word chapter in The Age of Shakespeare, ed. R. Malcolm Smuts (Oxford: Oxford University Press,&nbsp;2015).<\/p>\n<\/div><\/div>\n<\/div><\/div>\n\n\n\n<hr class=\"wp-block-separator has-alpha-channel-opacity\" \/>\n","protected":false},"excerpt":{"rendered":"<p>Prof. Cl\u00edona N\u00ed R\u00edord\u00e1in Cl\u00edona N\u00ed R\u00edord\u00e1in is a critic and translator. She holds a doctorate from the University of Lyon Lumi\u00e8re, post-graduate degrees from the Sorbonne, the Sorbonne Nouvelle and University College Cork, and an undergraduate degree from Mary Immaculate College, Limerick. Before joining Notre Dame, she taught Irish literature and translation studies at [&hellip;]<\/p>\n","protected":false},"author":4787,"featured_media":0,"parent":0,"menu_order":0,"comment_status":"closed","ping_status":"closed","template":"","meta":{"footnotes":""},"class_list":["post-260","page","type-page","status-publish","hentry"],"_links":{"self":[{"href":"https:\/\/sites.nd.edu\/kgs\/wp-json\/wp\/v2\/pages\/260","targetHints":{"allow":["GET"]}}],"collection":[{"href":"https:\/\/sites.nd.edu\/kgs\/wp-json\/wp\/v2\/pages"}],"about":[{"href":"https:\/\/sites.nd.edu\/kgs\/wp-json\/wp\/v2\/types\/page"}],"author":[{"embeddable":true,"href":"https:\/\/sites.nd.edu\/kgs\/wp-json\/wp\/v2\/users\/4787"}],"replies":[{"embeddable":true,"href":"https:\/\/sites.nd.edu\/kgs\/wp-json\/wp\/v2\/comments?post=260"}],"version-history":[{"count":7,"href":"https:\/\/sites.nd.edu\/kgs\/wp-json\/wp\/v2\/pages\/260\/revisions"}],"predecessor-version":[{"id":484,"href":"https:\/\/sites.nd.edu\/kgs\/wp-json\/wp\/v2\/pages\/260\/revisions\/484"}],"wp:attachment":[{"href":"https:\/\/sites.nd.edu\/kgs\/wp-json\/wp\/v2\/media?parent=260"}],"curies":[{"name":"wp","href":"https:\/\/api.w.org\/{rel}","templated":true}]}}