{"id":195,"date":"2014-04-22T14:32:50","date_gmt":"2014-04-22T14:32:50","guid":{"rendered":"http:\/\/blogs.nd.edu\/sla2014\/?page_id=195"},"modified":"2016-09-20T12:43:49","modified_gmt":"2016-09-20T12:43:49","slug":"mcginn-anna","status":"publish","type":"page","link":"https:\/\/sites.nd.edu\/sla2014\/ireland\/mcginn-anna\/","title":{"rendered":"McGinn, Anna"},"content":{"rendered":"<p><a href=\"http:\/\/sites.nd.edu\/sla2014\/files\/2014\/04\/Headshot.png\"><img loading=\"lazy\" decoding=\"async\" class=\"alignnone size-full wp-image-917\" src=\"http:\/\/sites.nd.edu\/sla2014\/files\/2014\/04\/Headshot.png\" alt=\"Headshot\" width=\"265\" height=\"237\" \/><\/a><img loading=\"lazy\" decoding=\"async\" class=\"alignnone size-full wp-image-91\" src=\"http:\/\/sites.nd.edu\/sla2014\/files\/2014\/04\/Recipient-Profile-Graphic1.jpg\" alt=\"Recipient-Profile-Graphic1\" width=\"558\" height=\"27\" srcset=\"https:\/\/sites.nd.edu\/sla2014\/files\/2014\/04\/Recipient-Profile-Graphic1.jpg 558w, https:\/\/sites.nd.edu\/sla2014\/files\/2014\/04\/Recipient-Profile-Graphic1-300x14.jpg 300w, https:\/\/sites.nd.edu\/sla2014\/files\/2014\/04\/Recipient-Profile-Graphic1-500x24.jpg 500w\" sizes=\"auto, (max-width: 558px) 100vw, 558px\" \/><\/p>\n<p><strong>Name:<\/strong> Anna McGinn<br \/>\n<strong>E-mail: <\/strong>amcginn1@nd.edu<br \/>\n<strong>Location of Study:<\/strong> Carraroe, Galway, Ireland<br \/>\n<strong>Program of Study:<\/strong> Acadamh na hOllscolaiochta Gaelige &#8211; An Ceathr\u00fa Rua<br \/>\n<strong>Sponsors:<\/strong> Keough<\/p>\n<p><img loading=\"lazy\" decoding=\"async\" class=\"alignnone size-full wp-image-90\" src=\"http:\/\/sites.nd.edu\/sla2014\/files\/2014\/04\/Pre-Departure-Profile-Graphic.jpg\" alt=\"Pre-Departure-Profile-Graphic\" width=\"558\" height=\"27\" srcset=\"https:\/\/sites.nd.edu\/sla2014\/files\/2014\/04\/Pre-Departure-Profile-Graphic.jpg 558w, https:\/\/sites.nd.edu\/sla2014\/files\/2014\/04\/Pre-Departure-Profile-Graphic-300x14.jpg 300w, https:\/\/sites.nd.edu\/sla2014\/files\/2014\/04\/Pre-Departure-Profile-Graphic-500x24.jpg 500w\" sizes=\"auto, (max-width: 558px) 100vw, 558px\" \/><\/p>\n<p><strong>A brief personal bio:<\/strong><\/p>\n<p>I am a rising Senior originally from Rochester, New York. I am majoring in Physics and minoring in Irish Language and Literature. I have taken three semesters of the Irish language and am looking forward to learning even more in Ireland this summer.<\/p>\n<p><strong>Why this summer language abroad opportunity is important to me:<\/strong><\/p>\n<p>This grant will allow me to further improve my Irish language abilities. It will especially help with my speaking and listening skills which I struggle with. After the completion of this program, I will finish my Minor in Irish Language and Literature and, if I am lucky, continue onto the Supplementary Major. This improvement in my Irish skills will motivate me to read Irish works in their original language, such as plays or literature from class. All of this will aid me in my goal to become fluent in Irish. My mastery in the Irish language will also allow me to have more options in pursuing a teaching career, as I would then be able to teach Physics or Irish.<\/p>\n<p><strong>What I hope to achieve as a result of this summer study abroad experience:<\/strong><\/p>\n<p>The main thing I hope to get out of this grant is a significant improvement in my speaking and listening skills. Being surrounded by the Irish language from day one will definitely help me in this respect especially since I won\u2019t be distracted or concerned about other subjects while I\u2019m there. I also hope to learn more about the culture surrounding the language. I especially want to learn more about sean-nos singing and dancing and maybe try my hand at it as well. By the end of the program, I hope to be able to hold conversations with my classmates for longer and on more topics than I could at the beginning.<\/p>\n<p><strong>My specific learning goals for language and intercultural learning this summer:<\/strong><\/p>\n<p>1. By the end of the summer, I will be able to converse in Irish with more ease than I currently can.<\/p>\n<p>2. By the end of the summer, I will be able to hold conversations in Irish on a variety of topics with a broader vocabulary.<\/p>\n<p>3. By the end of the summer, I will be able to better understand the culture associated with the Irish language.<\/p>\n<p><strong>My plan for maximizing my international language learning experience:<\/strong><\/p>\n<p>One of the main things I hope to do is, at the very least, see a play in Irish. I love theatre and it would be amazing to see a show performed entirely in Irish even if I don\u2019t understand much of what they\u2019re saying. If possible, I would love to try acting while speaking in Irish. Another thing I would love to try is Gaelic Football and\/or Hurling. I\u2019ve tried playing Hurling a few times before and I liked it so I would love to try it in Ireland and learn some of the terms in Irish. Seeing and attempting sean-nos singing and dancing is something I\u2019m also looking forward to. Basically, I\u2019ll try anything that\u2019s put in front of me, from food to dancing!<\/p>\n<p><img loading=\"lazy\" decoding=\"async\" class=\"alignnone size-full wp-image-89\" src=\"http:\/\/sites.nd.edu\/sla2014\/files\/2014\/04\/In-Country-Graphic.jpg\" alt=\"In-Country-Graphic\" width=\"558\" height=\"27\" srcset=\"https:\/\/sites.nd.edu\/sla2014\/files\/2014\/04\/In-Country-Graphic.jpg 558w, https:\/\/sites.nd.edu\/sla2014\/files\/2014\/04\/In-Country-Graphic-300x14.jpg 300w, https:\/\/sites.nd.edu\/sla2014\/files\/2014\/04\/In-Country-Graphic-500x24.jpg 500w\" sizes=\"auto, (max-width: 558px) 100vw, 558px\" \/><\/p>\n<p><strong>Reflective Journal Entry 1:<\/strong><\/p>\n<p>It\u2019s been a little over a week since I came to Carraroe (An Cheathr\u00fa Rua) and I\u2019ve just begun my second week of classes. Being here is more amazing than I expected! The scenery is gorgeous and I\u2019ve already gone on a few walks just to take in the view. The house I\u2019m staying in is great as well. My Bean an T\u00ed is so nice and patient with us when we\u2019re attempting to speak in Irish to her. I try to make an effort to say what I can in Irish and every day I can speak and understand a little more. My housemates and I all (thankfully) get along and we speak in Irish to each other when we can. We have at least one person from each of the four class levels and we\u2019re all learning things from each other.<\/p>\n<p>We have class every day except for Sunday and half days on Wednesday and Saturday. The intermediate class (m\u00e9anrang) is definitely challenging me every day, especially since the teacher speaks mostly Irish the entire time. I\u2019m slowly understanding more and more of what she\u2019s saying and I\u2019m learning so many new terms and phrases. I can\u2019t wait to see how much I\u2019ve improved by the end of this course! After class, there\u2019s also fun activities or lectures you can opt to go to. So far, we\u2019ve learned c\u00e9il\u00ed dancing, sean-n\u00f3s dancing, and sean-n\u00f3s singing. We\u2019ve also gone on some excursions as well. We\u2019ve visited Patrick Pearse\u2019s house, Spiddal, and Galway.If the weather\u2019s nice, we\u2019ll even visit the Aran Islands!<\/p>\n<p>Sin \u00e9 anois. Sl\u00e1n!<\/p>\n<p>&nbsp;<\/p>\n<p><strong><strong>Reflective <\/strong>Journal Entry 2:<\/strong><\/p>\n<p><strong><strong>Reflective <\/strong>Journal Entry 3:<\/strong><\/p>\n<p><strong><strong>Reflective <\/strong>Journal Entry 4:<\/strong><\/p>\n<p><strong><strong>Reflective <\/strong>Journal Entry 5:<\/strong><\/p>\n<p><strong><strong>Reflective <\/strong>Journal Entry 6:<\/strong><\/p>\n<p><img loading=\"lazy\" decoding=\"async\" class=\"alignnone size-full wp-image-92\" src=\"http:\/\/sites.nd.edu\/sla2014\/files\/2014\/04\/Reentry-Profile-Graphic.jpg\" alt=\"Reentry-Profile-Graphic\" width=\"558\" height=\"27\" srcset=\"https:\/\/sites.nd.edu\/sla2014\/files\/2014\/04\/Reentry-Profile-Graphic.jpg 558w, https:\/\/sites.nd.edu\/sla2014\/files\/2014\/04\/Reentry-Profile-Graphic-300x14.jpg 300w, https:\/\/sites.nd.edu\/sla2014\/files\/2014\/04\/Reentry-Profile-Graphic-500x24.jpg 500w\" sizes=\"auto, (max-width: 558px) 100vw, 558px\" \/><\/p>\n<p><strong>Reflection on my language learning and intercultural gains:<\/strong><\/p>\n<p><strong>Reflection on my summer language abroad experience overall:<\/strong><\/p>\n<p><strong>How I plan to use my language and intercultural competences in the future:<\/strong><\/p>\n","protected":false},"excerpt":{"rendered":"<p>Name: Anna McGinn E-mail: amcginn1@nd.edu Location of Study: Carraroe, Galway, Ireland Program of Study: Acadamh na hOllscolaiochta Gaelige &#8211; An Ceathr\u00fa Rua Sponsors: Keough A brief personal bio: I am a rising Senior originally from Rochester, New York. I am &hellip; <a href=\"https:\/\/sites.nd.edu\/sla2014\/ireland\/mcginn-anna\/\">Continue reading <span class=\"meta-nav\">&rarr;<\/span><\/a><\/p>\n","protected":false},"author":1750,"featured_media":0,"parent":59,"menu_order":0,"comment_status":"closed","ping_status":"open","template":"","meta":{"footnotes":""},"class_list":["post-195","page","type-page","status-publish","hentry"],"_links":{"self":[{"href":"https:\/\/sites.nd.edu\/sla2014\/wp-json\/wp\/v2\/pages\/195","targetHints":{"allow":["GET"]}}],"collection":[{"href":"https:\/\/sites.nd.edu\/sla2014\/wp-json\/wp\/v2\/pages"}],"about":[{"href":"https:\/\/sites.nd.edu\/sla2014\/wp-json\/wp\/v2\/types\/page"}],"author":[{"embeddable":true,"href":"https:\/\/sites.nd.edu\/sla2014\/wp-json\/wp\/v2\/users\/1750"}],"replies":[{"embeddable":true,"href":"https:\/\/sites.nd.edu\/sla2014\/wp-json\/wp\/v2\/comments?post=195"}],"version-history":[{"count":7,"href":"https:\/\/sites.nd.edu\/sla2014\/wp-json\/wp\/v2\/pages\/195\/revisions"}],"predecessor-version":[{"id":972,"href":"https:\/\/sites.nd.edu\/sla2014\/wp-json\/wp\/v2\/pages\/195\/revisions\/972"}],"up":[{"embeddable":true,"href":"https:\/\/sites.nd.edu\/sla2014\/wp-json\/wp\/v2\/pages\/59"}],"wp:attachment":[{"href":"https:\/\/sites.nd.edu\/sla2014\/wp-json\/wp\/v2\/media?parent=195"}],"curies":[{"name":"wp","href":"https:\/\/api.w.org\/{rel}","templated":true}]}}