{"id":111,"date":"2025-06-14T11:40:24","date_gmt":"2025-06-14T15:40:24","guid":{"rendered":"https:\/\/sites.nd.edu\/wcawley\/?page_id=111"},"modified":"2026-02-09T11:46:03","modified_gmt":"2026-02-09T16:46:03","slug":"danta-de","status":"publish","type":"page","link":"https:\/\/sites.nd.edu\/wcawley\/verse\/danta-de\/","title":{"rendered":"Danta De"},"content":{"rendered":"<p><img loading=\"lazy\" decoding=\"async\" class=\"alignnone size-full wp-image-115\" src=\"https:\/\/sites.nd.edu\/wcawley\/files\/2025\/06\/lorica.jpg\" alt=\"Harp, mandolin, concertina and pennywhistles\" width=\"222\" height=\"278\" \/><\/p>\n<p>Lyrics by Kevin Cawley<\/p>\n<hr \/>\n<p>In 1928 \u00dana N\u00ed \u00d3gain published her collection of D\u00e1nta D\u00e9 with Irish music, arranged for the organ by Robert O&#8217;Dwyer, and lyrics in Irish. In the same year Colm O&#8217;Loughlin at the Sign of Three Candles in Dublin published a volume of English translations called Danta De &#8212; hymns to God : ancient and modern. Some of the music from Danta De has been recorded &#8212; for example, Danta De: classic Sacred Music of Ireland by Michael James, Steve Warner, and Criag Watz (Notre Dame, IN: Ave Maria Press), available as a cassette or compact disk.<\/p>\n<p>I have made lyrics for a dozen of these songs, some of which I am presenting here for liturgical musicians who might like to use them. At St. Patrick&#8217;s in South Bend, our band, Lorica, has used some of these lyrics. I hereby give permission through the year 2029 for anybody who wants to use them in liturgical celebrations or for live performances to do so, and to copy and distribute the lyrics so that those in attendance can sing them. Please do give me credit. If you want to record or publish them, write to me, wcawley@nd.edu.I have provided a PDF file for each song here, associated with the line that gives the number of the melody in Danta De. The PDF file is in the same key as in Danta De; the chords have been transposed into a key I can sing. In most cases, the lyrics follow the sense of the literal translation more or less closely, though some (e.g., the last one here) take a hint from the original lyrics but depart significantly from them, following more closely the Biblical passages that seem to have influenced the Irish lyrics.<\/p>\n<hr \/>\n<p>&nbsp;<\/p>\n<p>MORNING SONG<br \/>\n<a href=\"https:\/\/sites.nd.edu\/wcawley\/files\/2026\/02\/dd01.pdf\">Danta De 1<\/a><br \/>\n<a href=\"https:\/\/sites.nd.edu\/wcawley\/verse\/danta-de\/danta-de-1-morning-song\/\">chords<\/a><\/p>\n<p>Having Jesus in my heart,<br \/>\nrecollecting hour by hour<br \/>\nhow I&#8217;ve failed to do my part<br \/>\nhow my sins have turned me sour:<br \/>\nhaving Jesus in my heart,<br \/>\nHis communion and his love,<br \/>\nI don&#8217;t want to live apart again.<br \/>\nOh Jesus, keep me safe!<\/p>\n<p>Without Jesus in my heart<br \/>\nI don&#8217;t like the taste of talk;<br \/>\nwithout Jesus in my heart<br \/>\nI cannot enjoy my thought;<br \/>\nwithout Jesus in my heart<br \/>\nnot one action bears good fruit.<br \/>\nJesus, walk before me, walk behind me,<br \/>\nease me in my plight!<\/p>\n<p>For with Jesus in my heart<br \/>\nand with Jesus on my lips<br \/>\nI can bear to do my part,<br \/>\nI can rise if I should lapse.<br \/>\nI delight as glories pass<br \/>\nglimpsing in my looking glass<br \/>\nfleeting glances of the Lord, my Love.<br \/>\nOh Jesus, never leave!<\/p>\n<p>&nbsp;<\/p>\n<p>KING OF SAINTS<br \/>\n<a href=\"https:\/\/sites.nd.edu\/wcawley\/files\/2026\/02\/dd06.pdf\">Danta De 6<\/a><br \/>\n<a href=\"https:\/\/sites.nd.edu\/wcawley\/verse\/danta-de\/danta-de-6-king-of-saints\/\">chords<\/a><\/p>\n<p>Grant us shelter O King of Saints!<br \/>\nThe devil has aimed his darts.<br \/>\nHe follows the traces of every saint<br \/>\nintending to pierce our hearts.<br \/>\nHe hates the children of Eve so much:<br \/>\nworn by the lies he speaks<br \/>\nin danger of giving ourselves away<br \/>\nand losing the peace we seek.<\/p>\n<p>Grant us shelter O King of Saints!<br \/>\nIn weariness and in pain<br \/>\nwe slip all the snares he has set for us<br \/>\nwhile quivering with the strain.<br \/>\nUnbolt your portals O King of Saints!<br \/>\nMay we come safely through,<br \/>\nand fasten the shutters and lock the doors,<br \/>\nin safety at last with you!<\/p>\n<p>&nbsp;<\/p>\n<p>CHRISTMAS AND EPIPHANY<br \/>\n<a href=\"https:\/\/sites.nd.edu\/wcawley\/files\/2026\/02\/dd27.pdf\">Danta De 27 and 28<\/a><br \/>\n<a href=\"https:\/\/sites.nd.edu\/wcawley\/verse\/danta-de\/danta-de-27-28-christmas-and-epiphany\/\">chords<\/a><\/p>\n<p>God means life:<br \/>\ndown in a manger with donkey and ox<br \/>\na baby<br \/>\nand a Prince beyond grief.<br \/>\nFrom your heaven you came<br \/>\nto this house full of pain<br \/>\nwith the Father and Spirit as one.<br \/>\nYou are the only God.<br \/>\nYou are the Son who brings light to the world.<\/p>\n<p>God led kings<br \/>\nover a distance of desert that night:<br \/>\nthey sought Him<br \/>\nwho had come for us all.<br \/>\nLet us follow his tracks<br \/>\nas they did full of love<br \/>\nand our debts be forgiven as well.<br \/>\nHe is the only God.<br \/>\nHe is the Son who brings light to the world.<\/p>\n<p>&nbsp;<\/p>\n<p>THE GREAT AMEN<br \/>\n<a href=\"https:\/\/sites.nd.edu\/wcawley\/files\/2026\/02\/dd33.pdf\">Danta De 33<\/a><br \/>\n<a href=\"https:\/\/sites.nd.edu\/wcawley\/verse\/danta-de\/danta-de-33-the-great-amen\/\">chords<\/a><\/p>\n<p>You said Amen to your Father in Heaven.<br \/>\nWe say Amen to the Father, Son, and Spirit.<br \/>\nAnd may your will be done in our homeland as in heaven.<br \/>\nLive in us, Lord, and our lives will be fearless.<\/p>\n<p>We hold the whip when they scourge you and mock you.<br \/>\nWe drive the nails in your hands and in your feet again.<br \/>\nO come and help us, Lord, to eliminate our mocking.<br \/>\nYour will be done in our hearts as in heaven.<\/p>\n<p>Dwelling on earth as we do only briefly<br \/>\nwe must remember our homeland in eternity.<br \/>\nO come and help us, Lord, in our labor and our grieving.<br \/>\nYour will be done till we meet you in heaven.<\/p>\n<p>&nbsp;<\/p>\n<p>PRAISE THE LORD<br \/>\n<a href=\"https:\/\/sites.nd.edu\/wcawley\/files\/2026\/02\/dd52.pdf\">Danta De 52<\/a><br \/>\n<a href=\"https:\/\/sites.nd.edu\/wcawley\/verse\/danta-de\/danta-de-52-praise-the-lord\/\">chords<\/a><\/p>\n<p>Praise the Lord as the Word made flesh!<br \/>\nWe praise you, O Lord, in your life and death.<br \/>\nWe praise you, O Lord, in your glory when<br \/>\nyou defeated death and arose again.<\/p>\n<p>Praise the Father who lights the stars!<br \/>\nSing praise to the Spirit in us and ours.<br \/>\nWe pray for the help of your Trinity<br \/>\nas your love calls us to eternity.<\/p>\n<p>Let us never offend you, Lord.<br \/>\nNo longer permit us to break our word<br \/>\nbut bring us around with your Precious Blood<br \/>\nto accept your will as our only good.<\/p>\n<p>Praise the Lord on the harp and drum,<br \/>\non fiddle, guitar, and accordion.<br \/>\nWe play and we sing with a single voice<br \/>\nand praise you, Lord, with a joyful noise.<\/p>\n<p>Praise the Lord on the slide trombone,<br \/>\nthe trumpet, the flute, and the saxophone,<br \/>\non clarinet, oboe, bassoon, and bass<br \/>\nand in every clan of the human race.<\/p>\n<p>&nbsp;<\/p>\n<p>KNOCK<br \/>\n<a href=\"https:\/\/sites.nd.edu\/wcawley\/files\/2026\/02\/dd71.pdf\">Danta De 71<\/a><br \/>\n<a href=\"https:\/\/sites.nd.edu\/wcawley\/verse\/danta-de\/danta-de-71-knock\/\">chords<\/a><\/p>\n<p>In the King of the Seas<br \/>\nin the Master of the Earth<br \/>\nin the Lord of the Heavens above them<br \/>\nI have found a true friend<br \/>\nwho has known me from my birth<br \/>\nand has chosen to offer me love.<\/p>\n<p>With Peter and John<br \/>\nand the Mother of God<br \/>\nI will wait for the moment of honor<br \/>\nand trust in His promise<br \/>\nto open when I knock<br \/>\nand remember and welcome me in.<\/p>\n<p>In the land of the saints<br \/>\nin the Kingdom of the Lord<br \/>\nwhere his other friends gather to greet Him<br \/>\nwith Thomas and Paul<br \/>\nwith the Marys and all<br \/>\nthe apostles and angels I&#8217;ll meet Him.<\/p>\n<p>With Peter and John<br \/>\nand the Mother of God<br \/>\nI will wait for the moment of honor<br \/>\nand trust in His promise<br \/>\nto open when I knock<br \/>\nand remember and welcome me in.<\/p>\n<p>&nbsp;<\/p>\n<p>BEATITUDE<br \/>\n<a href=\"https:\/\/sites.nd.edu\/wcawley\/files\/2026\/02\/dd85.pdf\">Danta De 85<\/a><br \/>\n<a href=\"https:\/\/sites.nd.edu\/wcawley\/verse\/danta-de\/danta-de-85-beatitude\/\">chords<\/a><br \/>\nLuke 6:20-26, Psalm 84<\/p>\n<p>Blessed are you poor ones:<br \/>\nthe reign of God is yours.<br \/>\nBlest are you when you cry:<br \/>\nyou&#8217;ll find your way to joy.<br \/>\nAnd blessed all you hungry ones:<br \/>\nyou shall eat till you&#8217;re full.<br \/>\nYou live with mockery<br \/>\nbecause you follow me.<\/p>\n<p>But woe to wealth and power<br \/>\nunless they serve the poor.<br \/>\nWoe to heartless delight<br \/>\nand laughter born of spite.<br \/>\nAnd woe to you who eat your fill<br \/>\nthough your neighbors may starve.<br \/>\nIn popularity<br \/>\nyou turn your back on me.<\/p>\n<p>Lord, we have no home here.<br \/>\nThe sparrow has a home.<br \/>\nSwallows fly to their nest<br \/>\nand with their young find rest.<br \/>\nO hear our prayer, O Lord of Hosts:<br \/>\nlead us back to our home &#8212;<br \/>\nour restlessness not through<br \/>\nuntil we rest in you.<\/p>\n<p>Lovely is your dwelling,<br \/>\nthe household of the Lord.<br \/>\nHappy families there<br \/>\nshine out in thankful prayer.<br \/>\nOur hearts are set on pilgrimage:<br \/>\nthrough these valleys and woods<br \/>\nyou lead us out of time<br \/>\nto our eternal home.<\/p>\n<p>&nbsp;<\/p>\n","protected":false},"excerpt":{"rendered":"<p>Lyrics by Kevin Cawley In 1928 \u00dana N\u00ed \u00d3gain published her collection of D\u00e1nta D\u00e9 with Irish music, arranged for the organ by Robert O&#8217;Dwyer, and lyrics in Irish. In the same year Colm O&#8217;Loughlin at the Sign of Three Candles in Dublin published a volume of English translations called Danta De &#8212; hymns to [&hellip;]<\/p>\n","protected":false},"author":5084,"featured_media":0,"parent":41,"menu_order":0,"comment_status":"closed","ping_status":"closed","template":"","meta":{"footnotes":""},"class_list":["post-111","page","type-page","status-publish","hentry"],"_links":{"self":[{"href":"https:\/\/sites.nd.edu\/wcawley\/wp-json\/wp\/v2\/pages\/111","targetHints":{"allow":["GET"]}}],"collection":[{"href":"https:\/\/sites.nd.edu\/wcawley\/wp-json\/wp\/v2\/pages"}],"about":[{"href":"https:\/\/sites.nd.edu\/wcawley\/wp-json\/wp\/v2\/types\/page"}],"author":[{"embeddable":true,"href":"https:\/\/sites.nd.edu\/wcawley\/wp-json\/wp\/v2\/users\/5084"}],"replies":[{"embeddable":true,"href":"https:\/\/sites.nd.edu\/wcawley\/wp-json\/wp\/v2\/comments?post=111"}],"version-history":[{"count":16,"href":"https:\/\/sites.nd.edu\/wcawley\/wp-json\/wp\/v2\/pages\/111\/revisions"}],"predecessor-version":[{"id":351,"href":"https:\/\/sites.nd.edu\/wcawley\/wp-json\/wp\/v2\/pages\/111\/revisions\/351"}],"up":[{"embeddable":true,"href":"https:\/\/sites.nd.edu\/wcawley\/wp-json\/wp\/v2\/pages\/41"}],"wp:attachment":[{"href":"https:\/\/sites.nd.edu\/wcawley\/wp-json\/wp\/v2\/media?parent=111"}],"curies":[{"name":"wp","href":"https:\/\/api.w.org\/{rel}","templated":true}]}}